{"id":277,"date":"2024-06-06T12:05:07","date_gmt":"2024-06-06T12:05:07","guid":{"rendered":"https:\/\/dsbtattoo.com\/?page_id=277"},"modified":"2024-11-26T18:49:56","modified_gmt":"2024-11-26T18:49:56","slug":"cuidados","status":"publish","type":"page","link":"https:\/\/dsbtattoo.com\/index.php\/cuidados\/","title":{"rendered":"Cuidados"},"content":{"rendered":"\t\t<div data-elementor-type=\"wp-page\" data-elementor-id=\"277\" class=\"elementor elementor-277\" data-elementor-post-type=\"page\">\n\t\t\t\t\t\t<section class=\"elementor-section elementor-top-section elementor-element elementor-element-16085f63 elementor-section-boxed elementor-section-height-default elementor-section-height-default\" data-id=\"16085f63\" data-element_type=\"section\" id=\"Registro\" data-settings=\"{&quot;background_background&quot;:&quot;classic&quot;}\">\n\t\t\t\t\t\t<div class=\"elementor-container elementor-column-gap-no\">\n\t\t\t\t\t<div class=\"elementor-column elementor-col-100 elementor-top-column elementor-element elementor-element-3600310a\" data-id=\"3600310a\" data-element_type=\"column\" data-settings=\"{&quot;background_background&quot;:&quot;classic&quot;}\">\n\t\t\t<div class=\"elementor-widget-wrap elementor-element-populated\">\n\t\t\t\t\t\t<section class=\"elementor-section elementor-inner-section elementor-element elementor-element-6f46319b elementor-section-boxed elementor-section-height-default elementor-section-height-default\" data-id=\"6f46319b\" data-element_type=\"section\">\n\t\t\t\t\t\t<div class=\"elementor-container elementor-column-gap-no\">\n\t\t\t\t\t<div class=\"elementor-column elementor-col-100 elementor-inner-column elementor-element elementor-element-10215265\" data-id=\"10215265\" data-element_type=\"column\">\n\t\t\t<div class=\"elementor-widget-wrap elementor-element-populated\">\n\t\t\t\t\t\t<div class=\"elementor-element elementor-element-2d90cfbf elementor-widget elementor-widget-heading\" data-id=\"2d90cfbf\" data-element_type=\"widget\" data-widget_type=\"heading.default\">\n\t\t\t\t<div class=\"elementor-widget-container\">\n\t\t\t\t\t<h1 class=\"elementor-heading-title elementor-size-default\">CUIDADOS<\/h1>\t\t\t\t<\/div>\n\t\t\t\t<\/div>\n\t\t\t\t<div class=\"elementor-element elementor-element-398018fe elementor-widget-divider--view-line elementor-widget elementor-widget-divider\" data-id=\"398018fe\" data-element_type=\"widget\" data-widget_type=\"divider.default\">\n\t\t\t\t<div class=\"elementor-widget-container\">\n\t\t\t\t\t\t\t<div class=\"elementor-divider\">\n\t\t\t<span class=\"elementor-divider-separator\">\n\t\t\t\t\t\t<\/span>\n\t\t<\/div>\n\t\t\t\t\t\t<\/div>\n\t\t\t\t<\/div>\n\t\t\t\t<div class=\"elementor-element elementor-element-d3d15db elementor-widget elementor-widget-text-editor\" data-id=\"d3d15db\" data-element_type=\"widget\" data-widget_type=\"text-editor.default\">\n\t\t\t\t<div class=\"elementor-widget-container\">\n\t\t\t\t\t\t\t\t\t<p><span style=\"color: #ffffff;\">Cada artista puede indicar unos cuidados espec\u00edficos para cada cliente seg\u00fan el tipo de piel, el tama\u00f1o y el propio dise\u00f1o. Haz caso siempre a las indicaciones de tu tatuador para conseguir el mejor resultado.<\/span><\/p>\t\t\t\t\t\t\t\t<\/div>\n\t\t\t\t<\/div>\n\t\t\t\t<div class=\"elementor-element elementor-element-76ebc6a elementor-widget elementor-widget-spacer\" data-id=\"76ebc6a\" data-element_type=\"widget\" data-widget_type=\"spacer.default\">\n\t\t\t\t<div class=\"elementor-widget-container\">\n\t\t\t\t\t\t\t<div class=\"elementor-spacer\">\n\t\t\t<div class=\"elementor-spacer-inner\"><\/div>\n\t\t<\/div>\n\t\t\t\t\t\t<\/div>\n\t\t\t\t<\/div>\n\t\t\t\t<div class=\"elementor-element elementor-element-d8df5fc elementor-widget elementor-widget-text-editor\" data-id=\"d8df5fc\" data-element_type=\"widget\" data-widget_type=\"text-editor.default\">\n\t\t\t\t<div class=\"elementor-widget-container\">\n\t\t\t\t\t\t\t\t\t<div class=\"page\" title=\"Page 2\"><div class=\"section\"><div class=\"layoutArea\"><div class=\"column\"><h4><b><u>CUIDADOS POSTERIORES A LA REALIZACIO\u0301N DEL TATUAJE<\/u><\/b><\/h4><p><span style=\"background-color: transparent;\">Una vez realizado el tatuaje,\u00a0lavarse las manos con agua y jabo\u0301n, antes de retirar el film que recubre el tattoo.<\/span><\/p><div>\u00a0<\/div><ul><li><span style=\"background-color: transparent;\">El lavado de manos siempre se realizara\u0301 antes de tocar el tattoo. Lavar el tatuaje con agua templada y jabo\u0301n neutro. No usar esponja. Para el secado utilizar papel de cocina, nunca gasas, algodo\u0301n o toallas, es decir, nada que pueda dejar hilos o pelusas.<\/span><\/li><\/ul><div>\u00a0<\/div><ul><li><span style=\"background-color: transparent;\">Una vez quitamos el film, ya se puede aplicar una fina capa de *EASY TATTOO Tattoo Cream* uniformemente, masajeando por todo el tatuaje hasta que cree una peli\u0301cula brillante.<\/span><\/li><\/ul><div>\u00a0<\/div><ul><li>El lavado y aplicado de pomada protectora se realizara\u0301 3 veces al di\u0301a como mi\u0301nimo durante 10 di\u0301as. Entre lavado y lavado aplicar pomada protectora siempre que se note la piel reseca o tirante.<\/li><\/ul><div>\u00a0<\/div><div>\u00a0<\/div><h4 style=\"background-color: transparent;\"><b>CONSEJOS<\/b><\/h4><p>Nunca rascar ni arrancar las pequen\u0303as costras de cicatrizacio\u0301n.\u00a0<\/p><p>Dejar que caigan por si\u0301 solas.\u00a0<\/p><p>Durante el peri\u0301odo de cicatrizacio\u0301n evitar sumergirse en agua de mar, piscina, sauna, lago, etc.<\/p><p>No exponer el tatuaje al sol directo y una vez curado usar crema solar de factor alto.<\/p><p>No practicar ningu\u0301n deporte y evitar sudar en exceso durante el peri\u0301odo de cicatrizacio\u0301n.\u00a0<\/p><p>\u00a0Cada piel es diferente. Hidratar segu\u0301n necesidad.<\/p><h4><b>\u00a0<\/b><\/h4><h4><b>ADVERTENCIA<\/b><\/h4><p>Saltarse cualquiera de estas indicaciones tiene consecuencias que afectan negativamente en el resultado final del tattoo.<\/p><p><b>\u00a1\u00a1Recuerda que el tatuaje es una herida que hay que cuidar. El resultado final\u00a0 depende de ti!!<\/b><\/p><\/div><\/div><\/div><\/div>\t\t\t\t\t\t\t\t<\/div>\n\t\t\t\t<\/div>\n\t\t\t\t\t<\/div>\n\t\t<\/div>\n\t\t\t\t\t<\/div>\n\t\t<\/section>\n\t\t\t\t\t<\/div>\n\t\t<\/div>\n\t\t\t\t\t<\/div>\n\t\t<\/section>\n\t\t\t\t<\/div>\n\t\t","protected":false},"excerpt":{"rendered":"<p>CUIDADOS Cada artista puede indicar unos cuidados espec\u00edficos para cada cliente seg\u00fan el tipo de piel, el tama\u00f1o y el propio dise\u00f1o. Haz caso siempre a las indicaciones de tu tatuador para conseguir el mejor resultado. CUIDADOS POSTERIORES A LA REALIZACIO\u0301N DEL TATUAJE Una vez realizado el tatuaje,\u00a0lavarse las manos con agua y jabo\u0301n, antes [&hellip;]<\/p>\n","protected":false},"author":1,"featured_media":0,"parent":0,"menu_order":0,"comment_status":"closed","ping_status":"closed","template":"","meta":{"footnotes":""},"class_list":["post-277","page","type-page","status-publish","hentry"],"_links":{"self":[{"href":"https:\/\/dsbtattoo.com\/index.php\/wp-json\/wp\/v2\/pages\/277","targetHints":{"allow":["GET"]}}],"collection":[{"href":"https:\/\/dsbtattoo.com\/index.php\/wp-json\/wp\/v2\/pages"}],"about":[{"href":"https:\/\/dsbtattoo.com\/index.php\/wp-json\/wp\/v2\/types\/page"}],"author":[{"embeddable":true,"href":"https:\/\/dsbtattoo.com\/index.php\/wp-json\/wp\/v2\/users\/1"}],"replies":[{"embeddable":true,"href":"https:\/\/dsbtattoo.com\/index.php\/wp-json\/wp\/v2\/comments?post=277"}],"version-history":[{"count":22,"href":"https:\/\/dsbtattoo.com\/index.php\/wp-json\/wp\/v2\/pages\/277\/revisions"}],"predecessor-version":[{"id":528,"href":"https:\/\/dsbtattoo.com\/index.php\/wp-json\/wp\/v2\/pages\/277\/revisions\/528"}],"wp:attachment":[{"href":"https:\/\/dsbtattoo.com\/index.php\/wp-json\/wp\/v2\/media?parent=277"}],"curies":[{"name":"wp","href":"https:\/\/api.w.org\/{rel}","templated":true}]}}